{"id":63,"date":"2012-01-01T23:21:50","date_gmt":"2012-01-01T22:21:50","guid":{"rendered":"http:\/\/sydor.net.pl\/wordpress\/?page_id=63"},"modified":"2020-11-12T16:10:03","modified_gmt":"2020-11-12T15:10:03","slug":"o-mnie","status":"publish","type":"page","link":"https:\/\/sydor.net.pl\/wordpress\/","title":{"rendered":"O mnie"},"content":{"rendered":"<p><img decoding=\"async\" loading=\"lazy\" class=\"aligncenter size-full wp-image-495\" src=\"http:\/\/sydor.net.pl\/wordpress\/wp-content\/uploads\/2018\/06\/BlogBanner.jpg\" alt=\"Banner Bloga\" width=\"980\" height=\"200\" \/><\/p>\n<h2 style=\"text-align: center;\"><span style=\"color: #919191;\">Drogi Czytelniku!<\/span><\/h2>\n<p style=\"text-align: center;\"><span style=\"color: #919191;\">Zanim zaczniesz ogl\u0105da\u0107 moje zdj\u0119cia lub czyta\u0107 m\u00f3j blog, przeczytaj:<\/span><\/p>\n<h4 style=\"text-align: center;\"><span style=\"color: #919191;\">Kilka s\u0142\u00f3w o mnie&#8230;<\/span><\/h4>\n<p style=\"text-align: justify;\"><span style=\"color: #919191;\">M\u00f3j blog zawiera relacje z niekt\u00f3rych naszych wypraw po \u015bwiecie. Od pewnego czasu staram si\u0119 spisywa\u0107 na gor\u0105co swoje spostrze\u017cenia i wspomnienia, gdy\u017c u\u015bwiadomi\u0142em sobie, jak szybko nowe wra\u017cenia zast\u0119puj\u0105 stare, a te stare stopniowo bledn\u0105, staj\u0105 si\u0119 rozmyte i niewyra\u017ane. Jak r\u0119kopisy sprzed lat \u2013 papier \u017c\u00f3\u0142knie i ciemnieje, atrament blaknie&#8230; niekt\u00f3rych miejsc w og\u00f3le nie spos\u00f3b ju\u017c odczyta\u0107. Z pewnym zaskoczeniem zda\u0142em sobie spraw\u0119, \u017ce z niekt\u00f3rych naszych starszych wycieczek nie jestem ju\u017c w stanie spisa\u0107 szczeg\u00f3\u0142owej historii, mimo i\u017c dysponuj\u0119 przecie\u017c bogat\u0105 dokumentacj\u0105 fotograficzn\u0105. To jeszcze bardziej zmotywowa\u0142o mnie do opisywania swoich prze\u017cy\u0107 w nied\u0142ugim czasie po powrocie do domu z co ciekawszych miejsc, kt\u00f3re mieli\u015bmy mo\u017cliwo\u015b\u0107 odwiedzi\u0107.<\/span><\/p>\n<p style=\"text-align: justify;\"><span style=\"color: #919191;\">Zastrzegam, \u017ce w moich wpisach zawar\u0142em wy\u0142\u0105cznie moje ca\u0142kowicie subiektywne pogl\u0105dy i spostrze\u017cenia i nie jest moim celem przekonywanie do nich kogokolwiek. M\u00f3wi\u0105c kr\u00f3tko: &#8220;my\u015blta, co chceta&#8221;. Staram si\u0119 te\u017c unika\u0107 przekazywania informacji og\u00f3lnych, gdy\u017c nie mam zamiaru pisa\u0107 przewodnik\u00f3w turystycznych &#8211; inni robi\u0105 to lepiej ode mnie. S\u0105 to moje osobiste relacje. Nie mog\u0119 te\u017c wzi\u0105\u0107 pe\u0142nej odpowiedzialno\u015bci za przekazane fakty &#8211; wi\u0119kszo\u015b\u0107 z nich pochodzi od naszych przewodnik\u00f3w i cho\u0107 staram si\u0119 je weryfikowa\u0107, to mog\u0105 zdarzy\u0107 si\u0119 nie\u015bcis\u0142o\u015bci, czy wr\u0119cz nieprawdziwe informacje. Dodatkowo cechuj\u0119 si\u0119 zupe\u0142nie nieszablonowym podej\u015bciem do r\u00f3\u017cnych temat\u00f3w, nonkonformizmem, kompletn\u0105 oboj\u0119tno\u015bci\u0105 na poprawno\u015b\u0107 polityczn\u0105, jestem do szpiku ko\u015bci pragmatykiem i zaciek\u0142ym wrogiem jakichkolwiek ideologii. Nie uznaj\u0119 \u017cadnych autorytet\u00f3w (bo na \u017cadne nie mog\u0119 w dzisiejszych czasach natrafi\u0107) i generalnie od podstaw\u00f3wki by\u0142em outsiderem z powa\u017cnymi dysfunkcjami spo\u0142ecznymi. Ze wszystkich powy\u017cszych cech jestem bardzo dumny.<\/span><\/p>\n<h4 style=\"text-align: center;\"><span style=\"color: #919191;\">&#8230; i kilka s\u0142\u00f3w o moich zdj\u0119ciach<\/span><\/h4>\n<p style=\"text-align: justify;\"><span style=\"color: #919191;\">By\u0142 koniec roku 1998, kiedy uda\u0142o mi si\u0119 zdoby\u0107 pierwszy w \u017cyciu cyfrowy aparat fotograficzny. W odniesieniu nawet do najprymitywniejszych, dzisiejszych aparat\u00f3w mia\u0142 si\u0119&#8230; nijak. Byle jakim wsp\u00f3\u0142czesnym telefonem mo\u017cna zrobi\u0107 zdj\u0119cia o dziesi\u0119\u0107 klas lepsze. Jednak wtedy Casio QV5000SX to by\u0142o prawdziwe cacko i szczyt techniki. A ju\u017c szczeg\u00f3lnie w Polsce. Zdj\u0119cia by\u0142y fatalnej jako\u015bci, ale wprowadza\u0142y now\u0105 jako\u015b\u0107 &#8211; mo\u017cna by\u0142o uwolni\u0107 si\u0119 od kliszy, ciemni, zak\u0142ad\u00f3w fotograficznych i robi\u0107 wszystko samemu. Robienie zdj\u0119\u0107 sta\u0142o si\u0119 darmowe, a gromadzi\u0107 mo\u017cna je by\u0142o we w\u0142asnym komputerze. Moja przygoda z fotografi\u0105 zacz\u0119\u0142a si\u0119 w ten spos\u00f3b &#8211; poprzez sprz\u0119t, kt\u00f3ry dawa\u0142 mi pewn\u0105 wolno\u015b\u0107. Wcze\u015bniej moje zainteresowanie utrwalaniem obraz\u00f3w by\u0142o niewielkie. Proces by\u0142 zbyt skomplikowany, a i w m\u0142odszym wieku mniejsz\u0105 wag\u0119 przyk\u0142ada si\u0119 do utrwalania chwil swojego \u017cycia. Wydaje si\u0119, \u017ce pami\u0119\u0107 jest wieczna, a przysz\u0142o\u015b\u0107 niesie tyle nowych wra\u017ce\u0144, \u017ce przesz\u0142o\u015b\u0107 jest tylko zb\u0119dnym balastem&#8230; Teraz wiem, \u017ce wraz z wiekiem te proporcje stopniowo si\u0119 zmieniaj\u0105.<\/span><\/p>\n<p style=\"text-align: justify;\"><span style=\"color: #919191;\">Od czasu tamtego Casio przesz\u0142o przez moje r\u0119ce mn\u00f3stwo aparat\u00f3w: od prostych kompakt\u00f3w, po profesjonalne lustrzanki cyfrowe z plecakami pe\u0142nymi obiektyw\u00f3w. Przez lata nosi\u0142em na plecach nie mniej, jak 10kg sprz\u0119tu, \u017ceby zawsze by\u0107 przygotowanym na r\u00f3\u017cne sytuacje zdj\u0119ciowe. Jednak wydaje mi si\u0119, \u017ce tak\u017ce ten okres fascynacji sprz\u0119tem ju\u017c min\u0105\u0142. Nie jestem zawodowym fotografem, nie jestem nawet z grubsza profesjonalist\u0105. Mog\u0119 si\u0119 okre\u015bli\u0107, jako amatora-pasjonata. Oczywi\u015bcie przeczyta\u0142em mn\u00f3stwo m\u0105drych ksi\u0105\u017cek i publikacji, kt\u00f3re pozwoli\u0142y mi znacz\u0105co podnie\u015b\u0107 moje umiej\u0119tno\u015bci, jednak jest to g\u0142\u00f3wnie wiedza techniczna i warsztatowa. Fotografia artystyczna (przez du\u017ce \u201eA\u201d) zawsze jako\u015b mi si\u0119 wymyka\u0142a. Pewnie dlatego, \u017ce jestem zdeklarowanym technokrat\u0105 i nie potrafi\u0119 wystarczaj\u0105co daleko oderwa\u0107 si\u0119 od sprz\u0119tu i techniki. Artystyczna kreatywno\u015b\u0107 wysokich lot\u00f3w to zupe\u0142nie nie moja dzia\u0142ka. Mimo tych w\u0142asnych ogranicze\u0144, staram si\u0119 dokumentowa\u0107 swoje \u017cycie odmierzane wyprawami w dalekie i bliskie zak\u0105tki \u015bwiata. Artyst\u0105 nie jestem, cechuj\u0119 si\u0119 jednak pewn\u0105 wra\u017cliwo\u015bci\u0105 na otaczaj\u0105ce pi\u0119kno przyrody i krajobrazu. Przez lata nauczy\u0142em si\u0119 widzie\u0107 ciekawy kadr w otaczaj\u0105cej rzeczywisto\u015bci. Czasem w dziwnych miejscach i okoliczno\u015bciach nagle podnosz\u0119 do oka aparat, \u017ceby uwieczni\u0107 co\u015b, co wydaje mi si\u0119 warte zachowania. Trzeba u\u015bwiadomi\u0107 sobie, \u017ce aparat wycina jedynie fragment rzeczywisto\u015bci. Dzi\u0119ki temu nawet w wyj\u0105tkowo paskudnym otoczeniu mo\u017cna zrobi\u0107 zdj\u0119cie czego\u015b pi\u0119knego. Czasem si\u0119 udaje, czasem nie&#8230;<\/span><\/p>\n<p style=\"text-align: justify;\"><span style=\"color: #919191;\">Mam nadziej\u0119, \u017ce czas po\u015bwi\u0119cony na czytanie mojego bloga i ogl\u0105danie zdj\u0119\u0107 nie b\u0119dzie czasem zmarnowanym.<\/span><\/p>\n<p><span style=\"color: #919191;\"><img decoding=\"async\" loading=\"lazy\" class=\"aligncenter wp-image-225 size-full\" title=\"Autor na rzek\u0105 Maha Oya na Srilance. Luty 2009.\" src=\"http:\/\/sydor.net.pl\/wordpress\/wp-content\/uploads\/2016\/12\/Marek.jpg\" alt=\"Autor na rzek\u0105 Maha Oya na Srilance. Luty 2009.\" width=\"280\" height=\"420\" srcset=\"https:\/\/sydor.net.pl\/wordpress\/wp-content\/uploads\/2016\/12\/Marek.jpg 280w, https:\/\/sydor.net.pl\/wordpress\/wp-content\/uploads\/2016\/12\/Marek-200x300.jpg 200w, https:\/\/sydor.net.pl\/wordpress\/wp-content\/uploads\/2016\/12\/Marek-40x60.jpg 40w\" sizes=\"(max-width: 280px) 100vw, 280px\" \/><\/span><\/p>\n<p style=\"text-align: center;\"><span style=\"font-family: arial, helvetica, sans-serif; font-size: 10pt; color: #919191;\"><em>Autor nad rzek\u0105 Maha Oya na Srilance. Luty 2009.<\/em><\/span><\/p>\n<p style=\"text-align: left;\"><em><span style=\"color: #919191;\">P.S.<br \/>\nW ostatnim czasie w\u0142o\u017cy\u0142em troch\u0119 pracy, \u017ceby uatrakcyjni\u0107 form\u0119 mojego bloga. Przenios\u0142em ca\u0142o\u015b\u0107 do platformy WordPress, do\u0142o\u017cy\u0142em mapki i elementy multimedialne. Czekam na ewentualne uwagi <a href=\"mailto:blog@sydor.net.pl\">blog@sydor.net.pl<\/a>.<\/span><\/em><\/p>\n<hr \/>\n<h6 style=\"text-align: center;\"><span style=\"color: #919191;\">Poni\u017csza mapka przedstawia co dalsze i ciekawsze z naszych wyjazd\u00f3w. Go\u0142ym okiem wida\u0107, \u017ce jest jeszcze gdzie je\u017adzi\u0107&#8230;<\/span><\/h6>\n<p style=\"text-align: center;\"><span style=\"color: #919191;\">[google_map_easy id=&#8221;8&#8243;]<\/span><\/p>\n","protected":false},"excerpt":{"rendered":"<p>Drogi Czytelniku! Zanim zaczniesz ogl\u0105da\u0107 moje zdj\u0119cia lub czyta\u0107 m\u00f3j blog, przeczytaj: Kilka s\u0142\u00f3w o mnie&#8230; M\u00f3j blog zawiera relacje z niekt\u00f3rych naszych wypraw po \u015bwiecie. Od pewnego czasu staram si\u0119 spisywa\u0107 na gor\u0105co swoje spostrze\u017cenia i wspomnienia, gdy\u017c u\u015bwiadomi\u0142em sobie, jak szybko nowe wra\u017cenia zast\u0119puj\u0105 stare, a te stare stopniowo bledn\u0105, staj\u0105 si\u0119 rozmyte [&hellip;]<\/p>\n","protected":false},"author":1,"featured_media":0,"parent":0,"menu_order":0,"comment_status":"closed","ping_status":"closed","template":"","meta":[],"_links":{"self":[{"href":"https:\/\/sydor.net.pl\/wordpress\/wp-json\/wp\/v2\/pages\/63"}],"collection":[{"href":"https:\/\/sydor.net.pl\/wordpress\/wp-json\/wp\/v2\/pages"}],"about":[{"href":"https:\/\/sydor.net.pl\/wordpress\/wp-json\/wp\/v2\/types\/page"}],"author":[{"embeddable":true,"href":"https:\/\/sydor.net.pl\/wordpress\/wp-json\/wp\/v2\/users\/1"}],"replies":[{"embeddable":true,"href":"https:\/\/sydor.net.pl\/wordpress\/wp-json\/wp\/v2\/comments?post=63"}],"version-history":[{"count":65,"href":"https:\/\/sydor.net.pl\/wordpress\/wp-json\/wp\/v2\/pages\/63\/revisions"}],"predecessor-version":[{"id":648,"href":"https:\/\/sydor.net.pl\/wordpress\/wp-json\/wp\/v2\/pages\/63\/revisions\/648"}],"wp:attachment":[{"href":"https:\/\/sydor.net.pl\/wordpress\/wp-json\/wp\/v2\/media?parent=63"}],"curies":[{"name":"wp","href":"https:\/\/api.w.org\/{rel}","templated":true}]}}